{"id":68,"date":"2021-03-27T18:35:25","date_gmt":"2021-03-27T17:35:25","guid":{"rendered":"http:\/\/pjsoftware.cz\/?page_id=68"},"modified":"2021-03-28T19:29:07","modified_gmt":"2021-03-28T17:29:07","slug":"uvod","status":"publish","type":"page","link":"https:\/\/pjsoftware.cz\/","title":{"rendered":"V\u00fdvoj a tvorba software"},"content":{"rendered":"<div class=\"citat\">Vytvo\u0159it software je jako namalovat obraz, slo\u017eit p\u00edse\u0148 \u010di napsat knihu. Jen dokon\u010den\u00e9 d\u00edlo d\u00e1v\u00e1 smysl.<\/div>\n<p>V\u00fdvoj program\u016f a aplikac\u00ed pro MS Windows, Android a web. Nadstavbov\u00e1 \u0159e\u0161en\u00ed &#8222;plus&#8220; pro software Pohoda od firmy Stormware. Znalosti PHP, Java a SQL. Redak\u010dn\u00ed syst\u00e9my WordPress a Joomla.<\/p>\n","protected":false},"excerpt":{"rendered":"<p>Vytvo\u0159it software je jako namalovat obraz, slo\u017eit p\u00edse\u0148 \u010di napsat knihu. Jen dokon\u010den\u00e9 d\u00edlo d\u00e1v\u00e1 smysl. V\u00fdvoj program\u016f a aplikac\u00ed pro MS Windows, Android a web. Nadstavbov\u00e1 \u0159e\u0161en\u00ed &#8222;plus&#8220; pro software Pohoda od firmy Stormware. Znalosti PHP, Java a SQL. Redak\u010dn\u00ed syst\u00e9my WordPress a Joomla.<\/p>\n","protected":false},"author":1,"featured_media":0,"parent":0,"menu_order":0,"comment_status":"closed","ping_status":"closed","template":"template-fullwidth.php","meta":{"footnotes":""},"class_list":["post-68","page","type-page","status-publish","hentry","post-preview"],"_links":{"self":[{"href":"https:\/\/pjsoftware.cz\/index.php\/wp-json\/wp\/v2\/pages\/68","targetHints":{"allow":["GET"]}}],"collection":[{"href":"https:\/\/pjsoftware.cz\/index.php\/wp-json\/wp\/v2\/pages"}],"about":[{"href":"https:\/\/pjsoftware.cz\/index.php\/wp-json\/wp\/v2\/types\/page"}],"author":[{"embeddable":true,"href":"https:\/\/pjsoftware.cz\/index.php\/wp-json\/wp\/v2\/users\/1"}],"replies":[{"embeddable":true,"href":"https:\/\/pjsoftware.cz\/index.php\/wp-json\/wp\/v2\/comments?post=68"}],"version-history":[{"count":8,"href":"https:\/\/pjsoftware.cz\/index.php\/wp-json\/wp\/v2\/pages\/68\/revisions"}],"predecessor-version":[{"id":173,"href":"https:\/\/pjsoftware.cz\/index.php\/wp-json\/wp\/v2\/pages\/68\/revisions\/173"}],"wp:attachment":[{"href":"https:\/\/pjsoftware.cz\/index.php\/wp-json\/wp\/v2\/media?parent=68"}],"curies":[{"name":"wp","href":"https:\/\/api.w.org\/{rel}","templated":true}]}}